{"id":1844,"date":"2023-08-30T15:07:22","date_gmt":"2023-08-30T15:07:22","guid":{"rendered":"https:\/\/asociacioncivicanicaraguense.org\/?page_id=1844"},"modified":"2025-07-16T12:54:50","modified_gmt":"2025-07-16T16:54:50","slug":"acerca-de-nosotros","status":"publish","type":"page","link":"https:\/\/asociacioncivicanicaraguense.org\/es\/acerca-de-nosotros\/","title":{"rendered":"Acerca de Nosotros"},"content":{"rendered":"<div data-elementor-type=\"wp-page\" data-elementor-id=\"1844\" class=\"elementor elementor-1844\">\n\t\t\t\t\t\t<section class=\"elementor-section elementor-top-section elementor-element elementor-element-3c17e9d elementor-section-boxed elementor-section-height-default elementor-section-height-default\" data-id=\"3c17e9d\" data-element_type=\"section\" data-settings=\"{&quot;background_background&quot;:&quot;classic&quot;}\">\n\t\t\t\t\t\t\t<div class=\"elementor-background-overlay\"><\/div>\n\t\t\t\t\t\t\t<div class=\"elementor-container elementor-column-gap-default\">\n\t\t\t\t\t<div class=\"elementor-column elementor-col-100 elementor-top-column elementor-element elementor-element-436c49d\" data-id=\"436c49d\" data-element_type=\"column\">\n\t\t\t<div class=\"elementor-widget-wrap elementor-element-populated\">\n\t\t\t\t\t\t<div class=\"elementor-element elementor-element-71e8c81 elementor-widget elementor-widget-gva-heading-block\" data-id=\"71e8c81\" data-element_type=\"widget\" data-widget_type=\"gva-heading-block.default\">\n\t\t\t\t<div class=\"elementor-widget-container\">\n\t\t\t\t\t<div class=\"gva-element-gva-heading-block gva-element\">   <div class=\"align-center style-1 widget gsc-heading box-align-center auto-responsive\">\r\n      <div class=\"content-inner\">\r\n         \r\n                  \r\n           \r\n         \r\n                     <h2 class=\"title\">\r\n               <span>Acerca de Nosotros<\/span>\r\n            <\/h2>\r\n                  \r\n         \r\n         \r\n      <\/div>\r\n   <\/div>\r\n<\/div>\t\t\t\t<\/div>\n\t\t\t\t<\/div>\n\t\t\t\t\t<\/div>\n\t\t<\/div>\n\t\t\t\t\t<\/div>\n\t\t<\/section>\n\t\t\t\t<section class=\"elementor-section elementor-top-section elementor-element elementor-element-4703abd elementor-section-boxed elementor-section-height-default elementor-section-height-default\" data-id=\"4703abd\" data-element_type=\"section\" data-settings=\"{&quot;background_background&quot;:&quot;classic&quot;}\">\n\t\t\t\t\t\t<div class=\"elementor-container elementor-column-gap-default\">\n\t\t\t\t\t<div class=\"elementor-column elementor-col-100 elementor-top-column elementor-element elementor-element-a71a61f\" data-id=\"a71a61f\" data-element_type=\"column\">\n\t\t\t<div class=\"elementor-widget-wrap elementor-element-populated\">\n\t\t\t\t\t\t<div class=\"elementor-element elementor-element-55665b5 elementor-widget elementor-widget-gva-heading-block\" data-id=\"55665b5\" data-element_type=\"widget\" data-settings=\"{&quot;_animation&quot;:&quot;none&quot;}\" data-widget_type=\"gva-heading-block.default\">\n\t\t\t\t<div class=\"elementor-widget-container\">\n\t\t\t\t\t<div class=\"gva-element-gva-heading-block gva-element\">   <div class=\"align-center style-1 widget gsc-heading box-align-left auto-responsive\">\r\n      <div class=\"content-inner\">\r\n         \r\n                  \r\n         <div class=\"sub-title\"><span class=\"tagline\">Acerca de Asociaci\u00f3n C\u00edvica Nicarag\u00fcense <\/span><\/div>  \r\n         \r\n                     <h2 class=\"title\">\r\n               <span>La Esperanza Est\u00e1 Donde Est\u00e1 el Coraz\u00f3n<\/span>\r\n            <\/h2>\r\n                  \r\n         \r\n         \r\n      <\/div>\r\n   <\/div>\r\n<\/div>\t\t\t\t<\/div>\n\t\t\t\t<\/div>\n\t\t\t\t<section class=\"elementor-section elementor-inner-section elementor-element elementor-element-fa2b35a elementor-section-boxed elementor-section-height-default elementor-section-height-default\" data-id=\"fa2b35a\" data-element_type=\"section\">\n\t\t\t\t\t\t<div class=\"elementor-container elementor-column-gap-custom\">\n\t\t\t\t\t<div class=\"elementor-column elementor-col-50 elementor-inner-column elementor-element elementor-element-5761ad1\" data-id=\"5761ad1\" data-element_type=\"column\">\n\t\t\t<div class=\"elementor-widget-wrap elementor-element-populated\">\n\t\t\t\t\t\t<div class=\"elementor-element elementor-element-dadfced elementor-widget elementor-widget-text-editor\" data-id=\"dadfced\" data-element_type=\"widget\" data-widget_type=\"text-editor.default\">\n\t\t\t\t<div class=\"elementor-widget-container\">\n\t\t\t\t\t\t\t\t\tEn la Asociaci\u00f3n C\u00edvica Nicarag\u00fcense nuestro objetivo es simple: hacer un mundo mejor para todos. Basamos nuestras decisiones en estudios exhaustivos y an\u00e1lisis de datos. Nuestro objetivo es formar asociaciones significativas y crear cambios positivos en todos nuestros esfuerzos.\t\t\t\t\t\t\t\t<\/div>\n\t\t\t\t<\/div>\n\t\t\t\t<div class=\"elementor-element elementor-element-41c28d5 elementor-position-left icon-box-left elementor-view-default elementor-mobile-position-top elementor-vertical-align-top elementor-widget elementor-widget-icon-box\" data-id=\"41c28d5\" data-element_type=\"widget\" data-widget_type=\"icon-box.default\">\n\t\t\t\t<div class=\"elementor-widget-container\">\n\t\t\t\t\t\t\t<div class=\"elementor-icon-box-wrapper\">\n\n\t\t\t\t\t\t<div class=\"elementor-icon-box-icon\">\n\t\t\t\t<span  class=\"elementor-icon\">\n\t\t\t\t<i aria-hidden=\"true\" class=\"fas fa-check-circle\"><\/i>\t\t\t\t<\/span>\n\t\t\t<\/div>\n\t\t\t\n\t\t\t\t\t\t<div class=\"elementor-icon-box-content\">\n\n\t\t\t\t\t\t\t\t\t<h3 class=\"elementor-icon-box-title\">\n\t\t\t\t\t\t<span  >\n\t\t\t\t\t\t\tSomos una organizaci\u00f3n sin fines de lucro\t\t\t\t\t\t<\/span>\n\t\t\t\t\t<\/h3>\n\t\t\t\t\n\t\t\t\t\n\t\t\t<\/div>\n\t\t\t\n\t\t<\/div>\n\t\t\t\t\t\t<\/div>\n\t\t\t\t<\/div>\n\t\t\t\t<div class=\"elementor-element elementor-element-ab8f4cd elementor-position-left icon-box-left elementor-view-default elementor-mobile-position-top elementor-vertical-align-top elementor-widget elementor-widget-icon-box\" data-id=\"ab8f4cd\" data-element_type=\"widget\" data-widget_type=\"icon-box.default\">\n\t\t\t\t<div class=\"elementor-widget-container\">\n\t\t\t\t\t\t\t<div class=\"elementor-icon-box-wrapper\">\n\n\t\t\t\t\t\t<div class=\"elementor-icon-box-icon\">\n\t\t\t\t<span  class=\"elementor-icon\">\n\t\t\t\t<i aria-hidden=\"true\" class=\"fas fa-check-circle\"><\/i>\t\t\t\t<\/span>\n\t\t\t<\/div>\n\t\t\t\n\t\t\t\t\t\t<div class=\"elementor-icon-box-content\">\n\n\t\t\t\t\t\t\t\t\t<h3 class=\"elementor-icon-box-title\">\n\t\t\t\t\t\t<span  >\n\t\t\t\t\t\t\tBrindamos soporte a cualquier persona que necesite ayuda\t\t\t\t\t\t<\/span>\n\t\t\t\t\t<\/h3>\n\t\t\t\t\n\t\t\t\t\n\t\t\t<\/div>\n\t\t\t\n\t\t<\/div>\n\t\t\t\t\t\t<\/div>\n\t\t\t\t<\/div>\n\t\t\t\t<div class=\"elementor-element elementor-element-7632362 elementor-widget elementor-widget-image\" data-id=\"7632362\" data-element_type=\"widget\" data-widget_type=\"image.default\">\n\t\t\t\t<div class=\"elementor-widget-container\">\n\t\t\t\t\t\t\t\t\t\t\t\t\t\t\t<img fetchpriority=\"high\" decoding=\"async\" width=\"900\" height=\"675\" src=\"https:\/\/asociacioncivicanicaraguense.org\/wp-content\/uploads\/2024\/11\/image-10-min-1024x768.jpg\" class=\"attachment-large size-large wp-image-2709\" alt=\"about us\" srcset=\"https:\/\/asociacioncivicanicaraguense.org\/wp-content\/uploads\/2024\/11\/image-10-min-1024x768.jpg 1024w, https:\/\/asociacioncivicanicaraguense.org\/wp-content\/uploads\/2024\/11\/image-10-min-768x576.jpg 768w, https:\/\/asociacioncivicanicaraguense.org\/wp-content\/uploads\/2024\/11\/image-10-min-16x12.jpg 16w, https:\/\/asociacioncivicanicaraguense.org\/wp-content\/uploads\/2024\/11\/image-10-min-580x435.jpg 580w, https:\/\/asociacioncivicanicaraguense.org\/wp-content\/uploads\/2024\/11\/image-10-min.jpg 1900w\" sizes=\"(max-width: 900px) 100vw, 900px\" \/>\t\t\t\t\t\t\t\t\t\t\t\t\t\t\t<\/div>\n\t\t\t\t<\/div>\n\t\t\t\t\t<\/div>\n\t\t<\/div>\n\t\t\t\t<div class=\"elementor-column elementor-col-50 elementor-inner-column elementor-element elementor-element-8cecb0f\" data-id=\"8cecb0f\" data-element_type=\"column\">\n\t\t\t<div class=\"elementor-widget-wrap elementor-element-populated\">\n\t\t\t\t\t\t<div class=\"elementor-element elementor-element-65caaad elementor-widget elementor-widget-text-editor\" data-id=\"65caaad\" data-element_type=\"widget\" data-widget_type=\"text-editor.default\">\n\t\t\t\t<div class=\"elementor-widget-container\">\n\t\t\t\t\t\t\t\t\t<p class=\"font_9 wixui-rich-text__text\"><span class=\"color_15 wixui-rich-text__text\">ACN surge del sufrimiento de nuestro pueblo. Somos un grupo de individuos testigos del renacimiento de la libertad, la justicia y la democracia. A pesar de la opresi\u00f3n de la dictadura, nuestros valientes y devotos ciudadanos se levantan armados de valor y amor por nuestra patria.<\/span><\/p>\n<p class=\"font_9 wixui-rich-text__text\"><span class=\"color_15 wixui-rich-text__text\">ACN opta por hablar en nombre de los silenciados. Queremos ser una organizaci\u00f3n sin \u00e1nimo de lucro que ayude a los desplazados por el r\u00e9gimen a otros pa\u00edses, huyendo de sus garras opresoras. Nuestro objetivo es ofrecer esperanza a quienes sobreviven a los estragos del odio y la desesperaci\u00f3n, haciendo brillar una peque\u00f1a luz en su oscuro camino.<\/span><\/p>\n<p class=\"font_9 wixui-rich-text__text\"><span class=\"color_15 wixui-rich-text__text\">Somos simplemente una Organizaci\u00f3n No Gubernamental que aboga por los derechos fundamentales: el derecho a vivir, a ser libre, a ser escuchado y a tener justicia e igualdad. Lamentablemente, esta utop\u00eda est\u00e1 muy lejos de la realidad en Nicaragua y en muchos otros pa\u00edses. Nos esforzamos por ser la voz que amplifica los gritos de una naci\u00f3n plagada de siglos de dictadura y de un gobierno negligente.<\/span><\/p>\n\n<h4>Un faro de esperanza en la oscuridad de la opresi\u00f3n<\/h4>\n<p class=\"font_9 wixui-rich-text__text\"><span class=\"color_15 wixui-rich-text__text\">ACN aspira a servir de catalizador para la reconstrucci\u00f3n inmediata y continua de este pueblo, as\u00ed como de otros necesitados. Aunque nuestro objetivo actual se centra en Nicaragua, nuestra ambici\u00f3n no tiene l\u00edmites. Eso somos.<\/span><\/p>\n<p class=\"font_9 wixui-rich-text__text\"><span class=\"color_15 wixui-rich-text__text\">ACN, eso somos!<\/span><\/p>\t\t\t\t\t\t\t\t<\/div>\n\t\t\t\t<\/div>\n\t\t\t\t\t<\/div>\n\t\t<\/div>\n\t\t\t\t\t<\/div>\n\t\t<\/section>\n\t\t\t\t\t<\/div>\n\t\t<\/div>\n\t\t\t\t\t<\/div>\n\t\t<\/section>\n\t\t\t\t<section class=\"elementor-section elementor-top-section elementor-element elementor-element-ecacb8e elementor-section-boxed elementor-section-height-default elementor-section-height-default\" data-id=\"ecacb8e\" data-element_type=\"section\" data-settings=\"{&quot;background_background&quot;:&quot;classic&quot;}\">\n\t\t\t\t\t\t\t<div class=\"elementor-background-overlay\"><\/div>\n\t\t\t\t\t\t\t<div class=\"elementor-container elementor-column-gap-default\">\n\t\t\t\t\t<div class=\"elementor-column elementor-col-100 elementor-top-column elementor-element elementor-element-359bfd3\" data-id=\"359bfd3\" data-element_type=\"column\">\n\t\t\t<div class=\"elementor-widget-wrap elementor-element-populated\">\n\t\t\t\t\t\t<div class=\"elementor-element elementor-element-a15284f elementor-widget elementor-widget-gva-heading-block\" data-id=\"a15284f\" data-element_type=\"widget\" data-widget_type=\"gva-heading-block.default\">\n\t\t\t\t<div class=\"elementor-widget-container\">\n\t\t\t\t\t<div class=\"gva-element-gva-heading-block gva-element\">   <div class=\"align-center style-1 widget gsc-heading box-align-left auto-responsive\">\r\n      <div class=\"content-inner\">\r\n         \r\n                  \r\n         <div class=\"sub-title\"><span class=\"tagline\">Donaciones<\/span><\/div>  \r\n         \r\n                     <h2 class=\"title\">\r\n               <span>INVOL\u00daCRATE<\/span>\r\n            <\/h2>\r\n                  \r\n                     <div class=\"title-desc\">Las donaciones son deducibles de impuestos\n<\/div>\r\n         \r\n                     <div class=\"heading-action\">\r\n               \t\t  <a href=\"https:\/\/www.paypal.com\/donate\/?cmd=_donations&amp;business=ascivnic@gmail.com&amp;item_name=Asociacion%20Civica%20Nicaraguense%20%20\/%20Nicaraguan%20Civic%20Association&amp;currency_code=USD\" class=\"btn-cta btn-theme\" target=\"_blank\" rel=\"noopener\">\r\n\t\t\t <span>Hacer una donaci\u00f3n<\/span>\r\n\t\t  <\/a>\r\n\r\n\t\t              <\/div>\r\n         \r\n      <\/div>\r\n   <\/div>\r\n<\/div>\t\t\t\t<\/div>\n\t\t\t\t<\/div>\n\t\t\t\t\t<\/div>\n\t\t<\/div>\n\t\t\t\t\t<\/div>\n\t\t<\/section>\n\t\t\t\t<\/div>","protected":false},"excerpt":{"rendered":"<p>Acerca de Nosotros Acerca de Asociaci\u00f3n C\u00edvica Nicarag\u00fcense La Esperanza Est\u00e1 Donde Est\u00e1 el Coraz\u00f3n En la Asociaci\u00f3n C\u00edvica Nicarag\u00fcense nuestro objetivo es simple: hacer un mundo mejor para todos. Basamos nuestras decisiones en estudios exhaustivos y an\u00e1lisis de datos. Nuestro objetivo es formar asociaciones significativas y crear cambios positivos en todos nuestros esfuerzos. Somos [&hellip;]<\/p>","protected":false},"author":2,"featured_media":0,"parent":0,"menu_order":0,"comment_status":"closed","ping_status":"closed","template":"","meta":{"footnotes":""},"class_list":["post-1844","page","type-page","status-publish","hentry"],"_links":{"self":[{"href":"https:\/\/asociacioncivicanicaraguense.org\/es\/wp-json\/wp\/v2\/pages\/1844","targetHints":{"allow":["GET"]}}],"collection":[{"href":"https:\/\/asociacioncivicanicaraguense.org\/es\/wp-json\/wp\/v2\/pages"}],"about":[{"href":"https:\/\/asociacioncivicanicaraguense.org\/es\/wp-json\/wp\/v2\/types\/page"}],"author":[{"embeddable":true,"href":"https:\/\/asociacioncivicanicaraguense.org\/es\/wp-json\/wp\/v2\/users\/2"}],"replies":[{"embeddable":true,"href":"https:\/\/asociacioncivicanicaraguense.org\/es\/wp-json\/wp\/v2\/comments?post=1844"}],"version-history":[{"count":0,"href":"https:\/\/asociacioncivicanicaraguense.org\/es\/wp-json\/wp\/v2\/pages\/1844\/revisions"}],"wp:attachment":[{"href":"https:\/\/asociacioncivicanicaraguense.org\/es\/wp-json\/wp\/v2\/media?parent=1844"}],"curies":[{"name":"wp","href":"https:\/\/api.w.org\/{rel}","templated":true}]}}